{"id":987,"date":"2022-08-17T06:50:23","date_gmt":"2022-08-17T06:50:23","guid":{"rendered":"http:\/\/www.icmenticaret.com\/index.php\/anasafya-english\/"},"modified":"2022-08-29T08:02:34","modified_gmt":"2022-08-29T08:02:34","slug":"anasafya-english","status":"publish","type":"page","link":"http:\/\/www.icmenticaret.com\/index.php\/en\/anasafya-english\/","title":{"rendered":"Home page"},"content":{"rendered":"<div data-colibri-id=\"987-c1\" class=\"style-522 style-local-987-c1 position-relative\">\n  <!---->\n  <div data-colibri-component=\"section\" data-colibri-id=\"987-c2\" id=\"custom\" class=\"h-section h-section-global-spacing d-flex align-items-lg-center align-items-md-center align-items-center style-530 style-local-987-c2 position-relative\">\n    <!---->\n    <!---->\n    <div class=\"h-section-grid-container h-section-boxed-container\">\n      <!---->\n      <div data-colibri-id=\"987-c3\" class=\"h-row-container gutters-row-lg-2 gutters-row-md-2 gutters-row-0 gutters-row-v-lg-2 gutters-row-v-md-2 gutters-row-v-2 style-531 style-local-987-c3 position-relative\">\n        <!---->\n        <div class=\"h-row justify-content-lg-center justify-content-md-center justify-content-center align-items-lg-stretch align-items-md-stretch align-items-stretch gutters-col-lg-2 gutters-col-md-2 gutters-col-0 gutters-col-v-lg-2 gutters-col-v-md-2 gutters-col-v-2\">\n          <!---->\n          <div class=\"h-column h-column-container d-flex h-col-lg-auto h-col-md-auto h-col-auto style-532-outer style-local-987-c4-outer\">\n            <div data-colibri-id=\"987-c4\" class=\"d-flex h-flex-basis h-column__inner h-ui-empty-state-container h-px-lg-2 h-px-md-2 h-px-2 v-inner-lg-2 v-inner-md-2 v-inner-2 style-532 style-local-987-c4 position-relative\">\n              <!---->\n              <!---->\n              <div class=\"w-100 h-y-container h-column__content h-column__v-align flex-basis-100\">\n                <!---->\n              <\/div>\n            <\/div>\n          <\/div>\n          <div class=\"h-column h-column-container d-flex h-col-lg-auto h-col-md-auto h-col-auto style-533-outer style-local-987-c5-outer\">\n            <div data-colibri-id=\"987-c5\" class=\"d-flex h-flex-basis h-column__inner h-ui-empty-state-container h-px-lg-2 h-px-md-2 h-px-2 v-inner-lg-2 v-inner-md-2 v-inner-2 style-533 style-local-987-c5 position-relative\">\n              <!---->\n              <!---->\n              <div class=\"w-100 h-y-container h-column__content h-column__v-align flex-basis-100\">\n                <!---->\n              <\/div>\n            <\/div>\n          <\/div>\n        <\/div>\n      <\/div>\n    <\/div>\n  <\/div>\n  <div data-colibri-component=\"section\" data-colibri-id=\"987-c6\" id=\"about\" class=\"h-section h-section-global-spacing d-flex align-items-lg-center align-items-md-center align-items-center style-523 style-local-987-c6 position-relative\">\n    <!---->\n    <!---->\n    <div class=\"h-section-grid-container h-section-boxed-container\">\n      <!---->\n      <div data-colibri-id=\"987-c7\" class=\"h-row-container gutters-row-lg-0 gutters-row-md-0 gutters-row-0 gutters-row-v-lg-0 gutters-row-v-md-0 gutters-row-v-0 style-524 style-local-987-c7 position-relative\">\n        <!---->\n        <div class=\"h-row justify-content-lg-center justify-content-md-center justify-content-center align-items-lg-stretch align-items-md-stretch align-items-stretch gutters-col-lg-0 gutters-col-md-0 gutters-col-0 gutters-col-v-lg-0 gutters-col-v-md-0 gutters-col-v-0\">\n          <!---->\n          <div class=\"h-column h-column-container d-flex h-col-lg-auto h-col-md-auto h-col-auto style-525-outer style-local-987-c8-outer\">\n            <div data-colibri-id=\"987-c8\" class=\"d-flex h-flex-basis h-column__inner h-px-lg-0 h-px-md-0 h-px-0 v-inner-lg-0 v-inner-md-0 v-inner-0 style-525 style-local-987-c8 position-relative\">\n              <!---->\n              <!---->\n              <div class=\"w-100 h-y-container h-column__content h-column__v-align flex-basis-100 align-self-lg-start align-self-md-start align-self-start\">\n                <!---->\n                <div data-colibri-id=\"987-c9\" class=\"d-block style-534 style-local-987-c9 position-relative h-element\">\n                  <!---->\n                  <div class=\"h-image__frame-container-outer\">\n                    <div class=\"h-image__frame-container\">\n                      <!---->\n                      <!---->\n                      <img decoding=\"async\" loading=\"lazy\" width=\"1230\" height=\"1051\" src=\"http:\/\/www.icmenticaret.com\/wp-content\/uploads\/2021\/07\/cropped-cropped-cropped-DJI_0861-2-scaled-2.jpg\" class=\"wp-image-1096 style-534-image style-local-987-c9-image\" srcset=\"http:\/\/www.icmenticaret.com\/wp-content\/uploads\/2021\/07\/cropped-cropped-cropped-DJI_0861-2-scaled-2.jpg 1230w, http:\/\/www.icmenticaret.com\/wp-content\/uploads\/2021\/07\/cropped-cropped-cropped-DJI_0861-2-scaled-2-300x256.jpg 300w, http:\/\/www.icmenticaret.com\/wp-content\/uploads\/2021\/07\/cropped-cropped-cropped-DJI_0861-2-scaled-2-1024x875.jpg 1024w, http:\/\/www.icmenticaret.com\/wp-content\/uploads\/2021\/07\/cropped-cropped-cropped-DJI_0861-2-scaled-2-768x656.jpg 768w\" sizes=\"(max-width: 1230px) 100vw, 1230px\" alt=\"\" \/>\n                      <div class=\"h-image__frame h-hide-lg h-hide-md h-hide-sm style-534-frameImage style-local-987-c9-frameImage\"><\/div>\n                    <\/div>\n                  <\/div>\n                <\/div>\n              <\/div>\n            <\/div>\n          <\/div>\n          <div class=\"h-column h-column-container d-flex h-col-lg-auto h-col-md-auto h-col-auto style-526-outer style-local-987-c10-outer\">\n            <div data-colibri-id=\"987-c10\" class=\"d-flex h-flex-basis h-column__inner h-px-lg-2 h-px-md-2 h-px-2 v-inner-lg-2 v-inner-md-2 v-inner-2 style-526 style-local-987-c10 position-relative\">\n              <!---->\n              <!---->\n              <div class=\"w-100 h-y-container h-column__content h-column__v-align flex-basis-100 align-self-lg-start align-self-md-start align-self-start\">\n                <!---->\n                <div data-colibri-id=\"987-c11\" class=\"h-global-transition-all h-heading style-528 style-local-987-c11 position-relative h-element\">\n                  <!---->\n                  <div class=\"h-heading__outer style-528 style-local-987-c11\">\n                    <!---->\n                    <!---->\n                    <h3 class=\"\">&nbsp; &nbsp;Best solutions for weaving companies\n                      <br>\n                    <\/h3>\n                  <\/div>\n                <\/div>\n                <div data-colibri-id=\"987-c12\" class=\"h-text h-text-component style-529 style-local-987-c12 position-relative h-element\">\n                  <!---->\n                  <!---->\n                  <div class=\"\">\n                    <p>Since 1963&#8230;<\/p>\n                  <\/div>\n                <\/div>\n                <div data-colibri-id=\"987-c19\" class=\"icon-list d-flex justify-content-lg-start justify-content-md-start justify-content-start style-805 style-local-987-c19 position-relative h-element\">\n                  <!---->\n                  <ul class=\"ul-list-icon vertical-on-desktop vertical-on-tablet vertical-on-mobile justify-content-lg-start justify-content-md-start justify-content-start\">\n                    <!---->\n                    <li class=\"list-item no-gutters\">\n                      <!---->\n                      <div class=\"list-container-divider d-flex justify-content-lg-start justify-content-md-start justify-content-start first-el-spacer\"><\/div> <span class=\"item-link no-gutters\"><div class=\"d-flex h-col no-gutters align-items-lg-center align-items-md-center align-items-center list-item-text-wrapper\"><div class=\"d-flex\"><span  class=\"h-svg-icon style-805-icon style-local-987-c19-icon\"><!--Icon by Font Awesome (https:\/\/fontawesome.com)--><svg version=\"1.1\" xmlns=\"http:\/\/www.w3.org\/2000\/svg\" xmlns:xlink=\"http:\/\/www.w3.org\/1999\/xlink\" id=\"tag\" viewBox=\"0 0 1536 1896.0833\"><path d=\"M448 448q0-53-37.5-90.5T320 320t-90.5 37.5T192 448t37.5 90.5T320 576t90.5-37.5T448 448zm1067 576q0 53-37 90l-491 492q-39 37-91 37-53 0-90-37L91 890q-38-37-64.5-101T0 672V256q0-52 38-90t90-38h416q53 0 117 26.5T763 219l715 714q37 39 37 91z\"><\/path><\/svg><\/span><\/div>\n                <span class=\"list-text d-block\"><span>Itema<br><\/span><\/span>\n              <\/div>\n              <\/span>\n              <div class=\"list-container-divider d-flex justify-content-lg-start justify-content-md-start justify-content-start\">\n                <!---->\n              <\/div>\n              <\/li>\n              <li class=\"list-item no-gutters\">\n                <!---->\n                <!----><span class=\"item-link no-gutters\"><div class=\"d-flex h-col no-gutters align-items-lg-center align-items-md-center align-items-center list-item-text-wrapper\"><div class=\"d-flex\"><span  class=\"h-svg-icon style-805-icon style-local-987-c19-icon\"><!--Icon by Font Awesome (https:\/\/fontawesome.com)--><svg version=\"1.1\" xmlns=\"http:\/\/www.w3.org\/2000\/svg\" xmlns:xlink=\"http:\/\/www.w3.org\/1999\/xlink\" id=\"tag\" viewBox=\"0 0 1536 1896.0833\"><path d=\"M448 448q0-53-37.5-90.5T320 320t-90.5 37.5T192 448t37.5 90.5T320 576t90.5-37.5T448 448zm1067 576q0 53-37 90l-491 492q-39 37-91 37-53 0-90-37L91 890q-38-37-64.5-101T0 672V256q0-52 38-90t90-38h416q53 0 117 26.5T763 219l715 714q37 39 37 91z\"><\/path><\/svg><\/span><\/div>\n            <span class=\"list-text d-block\"><span>Somet<\/span><\/span>\n          <\/div>\n          <\/span>\n          <div class=\"list-container-divider d-flex justify-content-lg-start justify-content-md-start justify-content-start\">\n            <!---->\n          <\/div>\n          <\/li>\n          <li class=\"list-item no-gutters\">\n            <!---->\n            <!----><span class=\"item-link no-gutters\"><div class=\"d-flex h-col no-gutters align-items-lg-center align-items-md-center align-items-center list-item-text-wrapper\"><div class=\"d-flex\"><span  class=\"h-svg-icon style-805-icon style-local-987-c19-icon\"><!--Icon by Font Awesome (https:\/\/fontawesome.com)--><svg version=\"1.1\" xmlns=\"http:\/\/www.w3.org\/2000\/svg\" xmlns:xlink=\"http:\/\/www.w3.org\/1999\/xlink\" id=\"tag\" viewBox=\"0 0 1536 1896.0833\"><path d=\"M448 448q0-53-37.5-90.5T320 320t-90.5 37.5T192 448t37.5 90.5T320 576t90.5-37.5T448 448zm1067 576q0 53-37 90l-491 492q-39 37-91 37-53 0-90-37L91 890q-38-37-64.5-101T0 672V256q0-52 38-90t90-38h416q53 0 117 26.5T763 219l715 714q37 39 37 91z\"><\/path><\/svg><\/span><\/div>\n        <span class=\"list-text d-block\"><span>Vamateks<\/span><\/span>\n      <\/div>\n      <\/span>\n      <div class=\"list-container-divider d-flex justify-content-lg-start justify-content-md-start justify-content-start\">\n        <!---->\n      <\/div>\n      <\/li>\n      <li class=\"list-item no-gutters\">\n        <!---->\n        <!----><span class=\"item-link no-gutters\"><div class=\"d-flex h-col no-gutters align-items-lg-center align-items-md-center align-items-center list-item-text-wrapper\"><div class=\"d-flex\"><span  class=\"h-svg-icon style-805-icon style-local-987-c19-icon\"><!--Icon by Font Awesome (https:\/\/fontawesome.com)--><svg version=\"1.1\" xmlns=\"http:\/\/www.w3.org\/2000\/svg\" xmlns:xlink=\"http:\/\/www.w3.org\/1999\/xlink\" id=\"tag\" viewBox=\"0 0 1536 1896.0833\"><path d=\"M448 448q0-53-37.5-90.5T320 320t-90.5 37.5T192 448t37.5 90.5T320 576t90.5-37.5T448 448zm1067 576q0 53-37 90l-491 492q-39 37-91 37-53 0-90-37L91 890q-38-37-64.5-101T0 672V256q0-52 38-90t90-38h416q53 0 117 26.5T763 219l715 714q37 39 37 91z\"><\/path><\/svg><\/span><\/div>\n    <span class=\"list-text d-block\"><span>Picanol<\/span><\/span>\n  <\/div>\n  <\/span>\n  <div class=\"list-container-divider d-flex justify-content-lg-start justify-content-md-start justify-content-start\">\n    <!---->\n  <\/div>\n  <\/li>\n  <li class=\"list-item no-gutters\">\n    <!---->\n    <!----><span class=\"item-link no-gutters\"><div class=\"d-flex h-col no-gutters align-items-lg-center align-items-md-center align-items-center list-item-text-wrapper\"><div class=\"d-flex\"><span  class=\"h-svg-icon style-805-icon style-local-987-c19-icon\"><!--Icon by Font Awesome (https:\/\/fontawesome.com)--><svg version=\"1.1\" xmlns=\"http:\/\/www.w3.org\/2000\/svg\" xmlns:xlink=\"http:\/\/www.w3.org\/1999\/xlink\" id=\"tag\" viewBox=\"0 0 1536 1896.0833\"><path d=\"M448 448q0-53-37.5-90.5T320 320t-90.5 37.5T192 448t37.5 90.5T320 576t90.5-37.5T448 448zm1067 576q0 53-37 90l-491 492q-39 37-91 37-53 0-90-37L91 890q-38-37-64.5-101T0 672V256q0-52 38-90t90-38h416q53 0 117 26.5T763 219l715 714q37 39 37 91z\"><\/path><\/svg><\/span><\/div>\n<span class=\"list-text d-block\"><span>Sulzer<\/span><\/span>\n<\/div>\n<\/span>\n<div class=\"list-container-divider d-flex justify-content-lg-start justify-content-md-start justify-content-start\" style=\"display: none;\">\n  <!---->\n<\/div>\n<div class=\"list-container-divider d-flex justify-content-lg-start justify-content-md-start justify-content-start last-el-spacer\"><\/div>\n<\/li>\n<\/ul>\n<\/div>\n<div data-colibri-id=\"987-c20\" class=\"h-text h-text-component style-806 style-local-987-c20 position-relative h-element\">\n  <!---->\n  <!---->\n  <div class=\"\">\n    <p>&nbsp; &nbsp; &nbsp;With the variety of more than 5000 different products&#8230;<\/p>\n  <\/div>\n<\/div>\n<\/div>\n<\/div>\n<\/div>\n<\/div>\n<\/div>\n<\/div>\n<\/div>\n<div data-colibri-component=\"section\" data-colibri-id=\"987-c13\" id=\"custom-2\" class=\"h-section h-section-global-spacing d-flex align-items-lg-center align-items-md-center align-items-center style-535 style-local-987-c13 position-relative\">\n  <!---->\n  <!---->\n  <div class=\"h-section-grid-container h-section-boxed-container\">\n    <!---->\n    <div data-colibri-id=\"987-c14\" class=\"h-row-container gutters-row-lg-2 gutters-row-md-2 gutters-row-0 gutters-row-v-lg-2 gutters-row-v-md-2 gutters-row-v-2 style-536 style-local-987-c14 position-relative\">\n      <!---->\n      <div class=\"h-row justify-content-lg-center justify-content-md-center justify-content-center align-items-lg-stretch align-items-md-stretch align-items-stretch gutters-col-lg-2 gutters-col-md-2 gutters-col-0 gutters-col-v-lg-2 gutters-col-v-md-2 gutters-col-v-2\">\n        <!---->\n        <div class=\"h-column h-column-container d-flex h-col-lg-auto h-col-md-auto h-col-auto style-537-outer style-local-987-c15-outer\">\n          <div data-colibri-id=\"987-c15\" class=\"d-flex h-flex-basis h-column__inner h-px-lg-2 h-px-md-2 h-px-2 v-inner-lg-2 v-inner-md-2 v-inner-2 style-537 style-local-987-c15 position-relative\">\n            <!---->\n            <!---->\n            <div class=\"w-100 h-y-container h-column__content h-column__v-align flex-basis-100 align-self-lg-start align-self-md-start align-self-start\">\n              <!---->\n              <div data-colibri-id=\"987-c16\" class=\"h-text h-text-component style-539 style-local-987-c16 position-relative h-element\">\n                <!---->\n                <!---->\n                <div class=\"\">\n                  \n                <\/div>\n              <\/div>\n            <\/div>\n          <\/div>\n        <\/div>\n        <div class=\"h-column h-column-container d-flex h-col-lg-auto h-col-md-auto h-col-auto style-538-outer style-local-987-c17-outer\">\n          <div data-colibri-id=\"987-c17\" class=\"d-flex h-flex-basis h-column__inner h-px-lg-2 h-px-md-2 h-px-2 v-inner-lg-2 v-inner-md-2 v-inner-2 style-538 style-local-987-c17 position-relative\">\n            <!---->\n            <!---->\n            <div class=\"w-100 h-y-container h-column__content h-column__v-align flex-basis-100 align-self-lg-start align-self-md-start align-self-start\">\n              <!---->\n              <div data-colibri-id=\"987-c18\" class=\"icon-list d-flex justify-content-lg-center justify-content-md-center justify-content-center style-542 style-local-987-c18 position-relative h-element\">\n                <!---->\n                <ul class=\"ul-list-icon vertical-on-desktop vertical-on-tablet vertical-on-mobile justify-content-lg-center justify-content-md-center justify-content-center\">\n                  <!---->\n                  <li class=\"list-item no-gutters\">\n                    <!---->\n                    <div class=\"list-container-divider d-flex justify-content-lg-center justify-content-md-center justify-content-center first-el-spacer\"><\/div> <span class=\"item-link no-gutters\"><div class=\"d-flex h-col no-gutters align-items-lg-center align-items-md-center align-items-center list-item-text-wrapper\"><div class=\"d-flex\"><span  class=\"h-svg-icon style-542-icon style-local-987-c18-icon\"><!--Icon by Font Awesome (https:\/\/fontawesome.com)--><svg version=\"1.1\" xmlns=\"http:\/\/www.w3.org\/2000\/svg\" xmlns:xlink=\"http:\/\/www.w3.org\/1999\/xlink\" id=\"map-marker\" viewBox=\"0 0 1049.8953 1896.0833\"><path d=\"M768 640q0-106-75-181t-181-75-181 75-75 181 75 181 181 75 181-75 75-181zm256 0q0 109-33 179l-364 774q-16 33-47.5 52t-67.5 19-67.5-19-46.5-52L33 819Q0 749 0 640q0-212 150-362t362-150 362 150 150 362z\"><\/path><\/svg><\/span><\/div>\n              <span class=\"list-text d-block\"><span>Anadolu Mah. Karl\u0131da\u011f Cad. No: 16<br>Y\u0131ld\u0131r\u0131m \/ Bursa \/ T\u00dcRK\u0130YE<\/span><\/span>\n            <\/div>\n            <\/span>\n            <div class=\"list-container-divider d-flex justify-content-lg-center justify-content-md-center justify-content-center\">\n              <!---->\n            <\/div>\n            <\/li>\n            <li class=\"list-item no-gutters\">\n              <!---->\n              <!----><span class=\"item-link no-gutters\"><div class=\"d-flex h-col no-gutters align-items-lg-center align-items-md-center align-items-center list-item-text-wrapper\"><div class=\"d-flex\"><span  class=\"h-svg-icon style-542-icon style-local-987-c18-icon\"><!--Icon by Font Awesome (https:\/\/fontawesome.com)--><svg version=\"1.1\" xmlns=\"http:\/\/www.w3.org\/2000\/svg\" xmlns:xlink=\"http:\/\/www.w3.org\/1999\/xlink\" id=\"phone\" viewBox=\"0 0 1408 1896.0833\"><path d=\"M1408 1240q0 27-10 70.5t-21 68.5q-21 50-122 106-94 51-186 51-27 0-53-3.5t-57.5-12.5-47-14.5T856 1485t-49-18q-98-35-175-83-127-79-264-216T152 904q-48-77-83-175-3-9-18-49t-20.5-55.5-14.5-47T3.5 520 0 467q0-92 51-186 56-101 106-122 25-11 68.5-21t70.5-10q14 0 21 3 18 6 53 76 11 19 30 54t35 63.5 31 53.5q3 4 17.5 25t21.5 35.5 7 28.5q0 20-28.5 50t-62 55-62 53-28.5 46q0 9 5 22.5t8.5 20.5 14 24 11.5 19q76 137 174 235t235 174q2 1 19 11.5t24 14 20.5 8.5 22.5 5q18 0 46-28.5t53-62 55-62 50-28.5q14 0 28.5 7t35.5 21.5 25 17.5q25 15 53.5 31t63.5 35 54 30q70 35 76 53 3 7 3 21z\"><\/path><\/svg><\/span><\/div>\n          <span class=\"list-text d-block\"><span>+90 224 361 8254<\/span><\/span>\n        <\/div>\n        <\/span>\n        <div class=\"list-container-divider d-flex justify-content-lg-center justify-content-md-center justify-content-center\">\n          <!---->\n        <\/div>\n        <\/li>\n        <li class=\"list-item no-gutters\">\n          <!---->\n          <!----><span class=\"item-link no-gutters\"><div class=\"d-flex h-col no-gutters align-items-lg-center align-items-md-center align-items-center list-item-text-wrapper\"><div class=\"d-flex\"><span  class=\"h-svg-icon style-542-icon style-local-987-c18-icon\"><!--Icon by Font Awesome (https:\/\/fontawesome.com)--><svg version=\"1.1\" xmlns=\"http:\/\/www.w3.org\/2000\/svg\" xmlns:xlink=\"http:\/\/www.w3.org\/1999\/xlink\" id=\"whatsapp\" viewBox=\"0 0 1536 1896.0833\"><path d=\"M985 974q13 0 97.5 44t89.5 53q2 5 2 15 0 33-17 76-16 39-71 65.5T984 1254q-57 0-190-62-98-45-170-118T476 889q-72-107-71-194v-8q3-91 74-158 24-22 52-22 6 0 18 1.5t19 1.5q19 0 26.5 6.5T610 544q8 20 33 88t25 75q0 21-34.5 57.5T599 811q0 7 5 15 34 73 102 137 56 53 151 101 12 7 22 7 15 0 54-48.5t52-48.5zm-203 530q127 0 243.5-50t200.5-134 134-200.5 50-243.5-50-243.5T1226 432t-200.5-134T782 248t-243.5 50T338 432 204 632.5 154 876q0 203 120 368l-79 233 242-77q158 104 345 104zm0-1382q153 0 292.5 60T1315 343t161 240.5 60 292.5-60 292.5-161 240.5-240.5 161-292.5 60q-195 0-365-94L0 1670l136-405Q28 1087 28 876q0-153 60-292.5T249 343t240.5-161T782 122z\"><\/path><\/svg><\/span><\/div>\n      <span class=\"list-text d-block\"><span>+90 532 135 6894<\/span><\/span>\n    <\/div>\n    <\/span>\n    <div class=\"list-container-divider d-flex justify-content-lg-center justify-content-md-center justify-content-center\">\n      <!---->\n    <\/div>\n    <\/li>\n    <li class=\"list-item no-gutters\">\n      <!---->\n      <!---->\n      <a href=\"mailto:icmen@icmenticaret.com\" target=\"_blank\" h-use-smooth-scroll=\"true\" class=\"item-link no-gutters\" rel=\"noopener\">\n        <div class=\"d-flex h-col no-gutters align-items-lg-center align-items-md-center align-items-center list-item-text-wrapper\">\n          <div class=\"d-flex\"><span class=\"h-svg-icon style-542-icon style-local-987-c18-icon\"><!--Icon by Font Awesome (https:\/\/fontawesome.com)--><svg version=\"1.1\" xmlns=\"http:\/\/www.w3.org\/2000\/svg\" xmlns:xlink=\"http:\/\/www.w3.org\/1999\/xlink\" id=\"envelope-o\" viewBox=\"0 0 1792 1896.0833\"><path d=\"M1664 1504V736q-32 36-69 66-268 206-426 338-51 43-83 67t-86.5 48.5T897 1280h-2q-48 0-102.5-24.5T706 1207t-83-67q-158-132-426-338-37-30-69-66v768q0 13 9.5 22.5t22.5 9.5h1472q13 0 22.5-9.5t9.5-22.5zm0-1051v-24.5l-.5-13-3-12.5-5.5-9-9-7.5-14-2.5H160q-13 0-22.5 9.5T128 416q0 168 147 284 193 152 401 317 6 5 35 29.5t46 37.5 44.5 31.5T852 1143t43 9h2q20 0 43-9t50.5-27.5 44.5-31.5 46-37.5 35-29.5q208-165 401-317 54-43 100.5-115.5T1664 453zm128-37v1088q0 66-47 113t-113 47H160q-66 0-113-47T0 1504V416q0-66 47-113t113-47h1472q66 0 113 47t47 113z\"><\/path><\/svg><\/span><\/div>\n          <span class=\"list-text d-block\"><span>icmen@icmenticaret.com<\/span><\/span>\n        <\/div>\n      <\/a>\n      <div class=\"list-container-divider d-flex justify-content-lg-center justify-content-md-center justify-content-center\" style=\"display: none;\">\n        <!---->\n      <\/div>\n      <div class=\"list-container-divider d-flex justify-content-lg-center justify-content-md-center justify-content-center last-el-spacer\"><\/div>\n    <\/li>\n    <\/ul>\n  <\/div>\n<\/div>\n<\/div>\n<\/div>\n<\/div>\n<\/div>\n<\/div>\n<\/div>\n<\/div>","protected":false},"excerpt":{"rendered":"<p>&nbsp; &nbsp;Best solutions for weaving companies Since 1963&#8230; Itema Somet Vamateks Picanol Sulzer &nbsp; &nbsp; &nbsp;With the variety of more than 5000 different products&#8230; Anadolu Mah. Karl\u0131da\u011f Cad. No: 16Y\u0131ld\u0131r\u0131m \/ Bursa \/ T\u00dcRK\u0130YE +90 224 361 8254 +90 532 135 6894 icmen@icmenticaret.com<\/p>\n","protected":false},"author":1,"featured_media":0,"parent":0,"menu_order":0,"comment_status":"closed","ping_status":"closed","template":"page-templates\/full-width-page.php","meta":{"_monsterinsights_skip_tracking":false,"_monsterinsights_sitenote_active":false,"_monsterinsights_sitenote_note":"","_monsterinsights_sitenote_category":0,"footnotes":""},"aioseo_notices":[],"_links":{"self":[{"href":"http:\/\/www.icmenticaret.com\/index.php\/wp-json\/wp\/v2\/pages\/987"}],"collection":[{"href":"http:\/\/www.icmenticaret.com\/index.php\/wp-json\/wp\/v2\/pages"}],"about":[{"href":"http:\/\/www.icmenticaret.com\/index.php\/wp-json\/wp\/v2\/types\/page"}],"author":[{"embeddable":true,"href":"http:\/\/www.icmenticaret.com\/index.php\/wp-json\/wp\/v2\/users\/1"}],"replies":[{"embeddable":true,"href":"http:\/\/www.icmenticaret.com\/index.php\/wp-json\/wp\/v2\/comments?post=987"}],"version-history":[{"count":14,"href":"http:\/\/www.icmenticaret.com\/index.php\/wp-json\/wp\/v2\/pages\/987\/revisions"}],"predecessor-version":[{"id":1510,"href":"http:\/\/www.icmenticaret.com\/index.php\/wp-json\/wp\/v2\/pages\/987\/revisions\/1510"}],"wp:attachment":[{"href":"http:\/\/www.icmenticaret.com\/index.php\/wp-json\/wp\/v2\/media?parent=987"}],"curies":[{"name":"wp","href":"https:\/\/api.w.org\/{rel}","templated":true}]}}