{"id":429,"date":"2021-07-09T05:26:19","date_gmt":"2021-07-09T05:26:19","guid":{"rendered":"http:\/\/www.icmenticaret.com\/?page_id=429"},"modified":"2022-08-29T08:06:33","modified_gmt":"2022-08-29T08:06:33","slug":"hakkimizda","status":"publish","type":"page","link":"http:\/\/www.icmenticaret.com\/index.php\/hakkimizda\/","title":{"rendered":"Hakk\u0131m\u0131zda"},"content":{"rendered":"<div data-colibri-id=\"429-c1\" class=\"style-327 style-local-429-c1 position-relative\">\n  <!---->\n  <div data-colibri-component=\"section\" data-colibri-id=\"429-c2\" id=\"custom-2\" class=\"h-section h-section-global-spacing d-flex align-items-lg-center align-items-md-center align-items-center style-502 style-local-429-c2 position-relative\">\n    <!---->\n    <!---->\n    <div class=\"h-section-grid-container h-section-boxed-container\">\n      <!---->\n      <div data-colibri-id=\"429-c3\" class=\"h-row-container gutters-row-lg-2 gutters-row-md-2 gutters-row-0 gutters-row-v-lg-2 gutters-row-v-md-2 gutters-row-v-2 style-503 style-local-429-c3 position-relative\">\n        <!---->\n        <div class=\"h-row justify-content-lg-center justify-content-md-center justify-content-center align-items-lg-stretch align-items-md-stretch align-items-stretch gutters-col-lg-2 gutters-col-md-2 gutters-col-0 gutters-col-v-lg-2 gutters-col-v-md-2 gutters-col-v-2\">\n          <!---->\n          <div class=\"h-column h-column-container d-flex h-col-lg-auto h-col-md-auto h-col-auto style-504-outer style-local-429-c4-outer\">\n            <div data-colibri-id=\"429-c4\" class=\"d-flex h-flex-basis h-column__inner h-ui-empty-state-container h-px-lg-2 h-px-md-2 h-px-2 v-inner-lg-2 v-inner-md-2 v-inner-2 style-504 style-local-429-c4 position-relative\">\n              <!---->\n              <!---->\n              <div class=\"w-100 h-y-container h-column__content h-column__v-align flex-basis-100\">\n                <!---->\n              <\/div>\n            <\/div>\n          <\/div>\n          <div class=\"h-column h-column-container d-flex h-col-lg-auto h-col-md-auto h-col-auto style-505-outer style-local-429-c5-outer\">\n            <div data-colibri-id=\"429-c5\" class=\"d-flex h-flex-basis h-column__inner h-ui-empty-state-container h-px-lg-2 h-px-md-2 h-px-2 v-inner-lg-2 v-inner-md-2 v-inner-2 style-505 style-local-429-c5 position-relative\">\n              <!---->\n              <!---->\n              <div class=\"w-100 h-y-container h-column__content h-column__v-align flex-basis-100\">\n                <!---->\n              <\/div>\n            <\/div>\n          <\/div>\n        <\/div>\n      <\/div>\n    <\/div>\n  <\/div>\n  <div data-colibri-component=\"section\" data-colibri-id=\"429-c10\" id=\"about\" class=\"h-section h-section-global-spacing d-flex align-items-lg-center align-items-md-center align-items-center style-338 style-local-429-c10 position-relative\">\n    <!---->\n    <!---->\n    <div class=\"h-section-grid-container h-section-boxed-container\">\n      <!---->\n      <div data-colibri-id=\"429-c11\" class=\"h-row-container gutters-row-lg-2 gutters-row-md-2 gutters-row-2 gutters-row-v-lg-2 gutters-row-v-md-2 gutters-row-v-2 style-339 style-local-429-c11 position-relative\">\n        <!---->\n        <div class=\"h-row justify-content-lg-center justify-content-md-center justify-content-center align-items-lg-stretch align-items-md-stretch align-items-stretch gutters-col-lg-2 gutters-col-md-2 gutters-col-2 gutters-col-v-lg-2 gutters-col-v-md-2 gutters-col-v-2\">\n          <!---->\n          <div class=\"h-column h-column-container d-flex h-col-lg-auto h-col-md-auto h-col-auto style-340-outer style-local-429-c12-outer\">\n            <div data-colibri-id=\"429-c12\" class=\"d-flex h-flex-basis h-column__inner h-px-lg-2 h-px-md-2 h-px-2 v-inner-lg-2 v-inner-md-2 v-inner-2 style-340 style-local-429-c12 position-relative\">\n              <!---->\n              <!---->\n              <div class=\"w-100 h-y-container h-column__content h-column__v-align flex-basis-100 align-self-lg-center align-self-md-center align-self-center\">\n                <!---->\n                <div data-colibri-id=\"429-c13\" class=\"h-global-transition-all h-heading style-342 style-local-429-c13 position-relative h-element\">\n                  <!---->\n                  <div class=\"h-heading__outer style-342 style-local-429-c13\">\n                    <!---->\n                    <!---->\n                    <h6 class=\"\">&nbsp;&nbsp;&nbsp;\n                      <br>&nbsp;&nbsp;&nbsp;&nbsp;&nbsp;&nbsp;&nbsp;&nbsp;&nbsp;\u0130\u00e7men Tekstil kendi sekt\u00f6r\u00fcnde en g\u00fcvenilir ve tercih edilir \u015firketleri aras\u0131nda yer almay\u0131 ilke edinmi\u015f, y\u00f6netim ve kalite politikas\u0131n\u0131 bu do\u011frultuda d\u00fczenlemi\u015ftir. Bu politikan\u0131n\n                      s\u00fcreklili\u011fini sa\u011flamak amac\u0131yla a\u015fa\u011f\u0131daki ana ba\u015fl\u0131klar\u0131 belirlemi\u015ftir.\n                      <br>\n                      <br>&nbsp;&nbsp;&nbsp;&nbsp;M\u00fc\u015fteri memnuniyeti odakl\u0131 y\u00f6netim sistemini benimsemek ve s\u00fcrekli ilerlemeyi sa\u011flamak Kalite y\u00f6netim sisteminin uygulanmas\u0131n\u0131 sa\u011flamak ve iyile\u015ftirme projelerinin zaman\u0131nda ger\u00e7ekle\u015ftirilmesi i\u00e7in gerekli\n                      kayna\u011f\u0131n ayr\u0131lmas\u0131 ve i\u015f plan\u0131n\u0131n olu\u015fturulmas\u0131n\u0131, S\u00fcrekli geli\u015fimi sa\u011flamak ve bunu yaparken insana ve \u00e7evreye sayg\u0131l\u0131 olmak.\n                      <br>\n                      <br>&nbsp;&nbsp;&nbsp;&nbsp;&nbsp;&nbsp;&nbsp;&nbsp;\u00c7al\u0131\u015fanlar\u0131n\u0131n sa\u011fl\u0131\u011f\u0131n\u0131, g\u00fcvenli\u011fini, bug\u00fcn\u00fcn\u00fc ve yar\u0131n\u0131n\u0131 g\u00fcvence alt\u0131na almak, ba\u011fl\u0131l\u0131\u011f\u0131n\u0131 ve memnuniyetini art\u0131rmak amac\u0131yla s\u00fcrekli aktiviteler d\u00fczenleyerek e\u011fitim ve bireysel\n                      geli\u015fimini art\u0131rmak.\n                      <br>\n                      <br>&nbsp;&nbsp;&nbsp;&nbsp;&nbsp;&nbsp;&nbsp;&nbsp;&nbsp;&nbsp;\u015eeffaf y\u00f6netim ilkesi do\u011frultusunda bilgi, sorumluluk payla\u015f\u0131m\u0131 ile yetkilendirilmi\u015f tak\u0131m ruhunu s\u00fcrekli zinde tutmak.&nbsp;&nbsp;&nbsp;\n                      <br>&nbsp;&nbsp;&nbsp;&nbsp;&nbsp;&nbsp;&nbsp;&nbsp;&nbsp;&nbsp;\n                      <br>&nbsp;&nbsp;&nbsp;&nbsp;&nbsp;&nbsp;M\u00fc\u015fterilerimiz ile i\u015fbirli\u011fini her f\u0131rsatta geli\u015ftirmeyi ama\u00e7lamaktay\u0131z.<\/h6>\n                  <\/div>\n                <\/div>\n              <\/div>\n            <\/div>\n          <\/div>\n          <div class=\"h-column h-column-container d-flex h-col-lg-auto h-col-md-auto h-col-auto style-346-outer style-local-429-c14-outer\">\n            <div data-colibri-id=\"429-c14\" class=\"d-flex h-flex-basis h-column__inner h-px-lg-2 h-px-md-2 h-px-2 v-inner-lg-2 v-inner-md-2 v-inner-2 style-346 style-local-429-c14 position-relative\">\n              <!---->\n              <!---->\n              <div class=\"w-100 h-y-container h-column__content h-column__v-align flex-basis-100 align-self-lg-center align-self-md-center align-self-center\">\n                <!---->\n                <div data-colibri-id=\"429-c15\" class=\"d-block style-347 style-local-429-c15 position-relative h-element\">\n                  <!---->\n                  <div class=\"h-image__frame-container-outer\">\n                    <div class=\"h-image__frame-container\">\n                      <!---->\n                      <!---->\n                      <img decoding=\"async\" loading=\"lazy\" width=\"1230\" height=\"1154\" src=\"http:\/\/www.icmenticaret.com\/wp-content\/uploads\/2021\/07\/cropped-cropped-DJI_0861-2-scaled-2-1.jpg\" class=\"wp-image-579 style-347-image style-local-429-c15-image\" srcset=\"http:\/\/www.icmenticaret.com\/wp-content\/uploads\/2021\/07\/cropped-cropped-DJI_0861-2-scaled-2-1.jpg 1230w, http:\/\/www.icmenticaret.com\/wp-content\/uploads\/2021\/07\/cropped-cropped-DJI_0861-2-scaled-2-1-300x281.jpg 300w, http:\/\/www.icmenticaret.com\/wp-content\/uploads\/2021\/07\/cropped-cropped-DJI_0861-2-scaled-2-1-1024x961.jpg 1024w, http:\/\/www.icmenticaret.com\/wp-content\/uploads\/2021\/07\/cropped-cropped-DJI_0861-2-scaled-2-1-768x721.jpg 768w\" sizes=\"(max-width: 1230px) 100vw, 1230px\" alt=\"\" \/>\n                      <div class=\"h-image__frame h-hide-sm style-347-frameImage style-local-429-c15-frameImage\"><\/div>\n                    <\/div>\n                  <\/div>\n                <\/div>\n              <\/div>\n            <\/div>\n          <\/div>\n        <\/div>\n      <\/div>\n    <\/div>\n  <\/div>\n  <div data-colibri-component=\"section\" data-colibri-id=\"429-c16\" id=\"custom\" class=\"h-section h-section-global-spacing d-flex align-items-lg-center align-items-md-center align-items-center style-348 style-local-429-c16 position-relative\">\n    <!---->\n    <!---->\n    <div class=\"h-section-grid-container h-section-boxed-container\">\n      <!---->\n      <div data-colibri-id=\"429-c17\" class=\"h-row-container gutters-row-lg-2 gutters-row-md-2 gutters-row-0 gutters-row-v-lg-2 gutters-row-v-md-2 gutters-row-v-2 style-349 style-local-429-c17 position-relative\">\n        <!---->\n        <div class=\"h-row justify-content-lg-center justify-content-md-center justify-content-center align-items-lg-stretch align-items-md-stretch align-items-stretch gutters-col-lg-2 gutters-col-md-2 gutters-col-0 gutters-col-v-lg-2 gutters-col-v-md-2 gutters-col-v-2\">\n          <!---->\n          <div class=\"h-column h-column-container d-flex h-col-lg-auto h-col-md-auto h-col-auto style-350-outer style-local-429-c18-outer\">\n            <div data-colibri-id=\"429-c18\" class=\"d-flex h-flex-basis h-column__inner h-px-lg-2 h-px-md-2 h-px-2 v-inner-lg-2 v-inner-md-2 v-inner-2 style-350 style-local-429-c18 position-relative\">\n              <!---->\n              <!---->\n              <div class=\"w-100 h-y-container h-column__content h-column__v-align flex-basis-100 align-self-lg-start align-self-md-start align-self-start\">\n                <!---->\n                <div data-colibri-id=\"429-c19\" class=\"h-text h-text-component style-354 style-local-429-c19 position-relative h-element\">\n                  <!---->\n                  <!---->\n                  <div class=\"\">\n                    \n                  <\/div>\n                <\/div>\n              <\/div>\n            <\/div>\n          <\/div>\n          <div class=\"h-column h-column-container d-flex h-col-lg-auto h-col-md-auto h-col-auto style-351-outer style-local-429-c20-outer\">\n            <div data-colibri-id=\"429-c20\" class=\"d-flex h-flex-basis h-column__inner h-px-lg-2 h-px-md-2 h-px-2 v-inner-lg-2 v-inner-md-2 v-inner-2 style-351 style-local-429-c20 position-relative\">\n              <!---->\n              <!---->\n              <div class=\"w-100 h-y-container h-column__content h-column__v-align flex-basis-100 align-self-lg-start align-self-md-start align-self-start\">\n                <!---->\n                <div data-colibri-id=\"429-c21\" class=\"icon-list d-flex justify-content-lg-center justify-content-md-center justify-content-center style-335 style-local-429-c21 position-relative h-element\">\n                  <!---->\n                  <ul class=\"ul-list-icon vertical-on-desktop vertical-on-tablet vertical-on-mobile justify-content-lg-center justify-content-md-center justify-content-center\">\n                    <!---->\n                    <li class=\"list-item no-gutters\">\n                      <!---->\n                      <div class=\"list-container-divider d-flex justify-content-lg-center justify-content-md-center justify-content-center first-el-spacer\"><\/div> <span class=\"item-link no-gutters\"><div class=\"d-flex h-col no-gutters align-items-lg-center align-items-md-center align-items-center list-item-text-wrapper\"><div class=\"d-flex\"><span  class=\"h-svg-icon style-335-icon style-local-429-c21-icon\"><!--Icon by Font Awesome (https:\/\/fontawesome.com)--><svg version=\"1.1\" xmlns=\"http:\/\/www.w3.org\/2000\/svg\" xmlns:xlink=\"http:\/\/www.w3.org\/1999\/xlink\" id=\"map-marker\" viewBox=\"0 0 1049.8953 1896.0833\"><path d=\"M768 640q0-106-75-181t-181-75-181 75-75 181 75 181 181 75 181-75 75-181zm256 0q0 109-33 179l-364 774q-16 33-47.5 52t-67.5 19-67.5-19-46.5-52L33 819Q0 749 0 640q0-212 150-362t362-150 362 150 150 362z\"><\/path><\/svg><\/span><\/div>\n                <span class=\"list-text d-block\"><span>Anadolu Mh. Karl\u0131da\u011f Cd. No:16<br>Y\u0131ld\u0131r\u0131m  \/  BURSA  \/  T\u00dcRK\u0130YE<\/span><\/span>\n              <\/div>\n              <\/span>\n              <div class=\"list-container-divider d-flex justify-content-lg-center justify-content-md-center justify-content-center\">\n                <!---->\n              <\/div>\n              <\/li>\n              <li class=\"list-item no-gutters\">\n                <!---->\n                <!----><span class=\"item-link no-gutters\"><div class=\"d-flex h-col no-gutters align-items-lg-center align-items-md-center align-items-center list-item-text-wrapper\"><div class=\"d-flex\"><span  class=\"h-svg-icon style-335-icon style-local-429-c21-icon\"><!--Icon by Font Awesome (https:\/\/fontawesome.com)--><svg version=\"1.1\" xmlns=\"http:\/\/www.w3.org\/2000\/svg\" xmlns:xlink=\"http:\/\/www.w3.org\/1999\/xlink\" id=\"phone\" viewBox=\"0 0 1408 1896.0833\"><path d=\"M1408 1240q0 27-10 70.5t-21 68.5q-21 50-122 106-94 51-186 51-27 0-53-3.5t-57.5-12.5-47-14.5T856 1485t-49-18q-98-35-175-83-127-79-264-216T152 904q-48-77-83-175-3-9-18-49t-20.5-55.5-14.5-47T3.5 520 0 467q0-92 51-186 56-101 106-122 25-11 68.5-21t70.5-10q14 0 21 3 18 6 53 76 11 19 30 54t35 63.5 31 53.5q3 4 17.5 25t21.5 35.5 7 28.5q0 20-28.5 50t-62 55-62 53-28.5 46q0 9 5 22.5t8.5 20.5 14 24 11.5 19q76 137 174 235t235 174q2 1 19 11.5t24 14 20.5 8.5 22.5 5q18 0 46-28.5t53-62 55-62 50-28.5q14 0 28.5 7t35.5 21.5 25 17.5q25 15 53.5 31t63.5 35 54 30q70 35 76 53 3 7 3 21z\"><\/path><\/svg><\/span><\/div>\n            <span class=\"list-text d-block\"><span>+90 224 361 8254<\/span><\/span>\n          <\/div>\n          <\/span>\n          <div class=\"list-container-divider d-flex justify-content-lg-center justify-content-md-center justify-content-center\">\n            <!---->\n          <\/div>\n          <\/li>\n          <li class=\"list-item no-gutters\">\n            <!---->\n            <!----><span class=\"item-link no-gutters\"><div class=\"d-flex h-col no-gutters align-items-lg-center align-items-md-center align-items-center list-item-text-wrapper\"><div class=\"d-flex\"><span  class=\"h-svg-icon style-335-icon style-local-429-c21-icon\"><!--Icon by Font Awesome (https:\/\/fontawesome.com)--><svg version=\"1.1\" xmlns=\"http:\/\/www.w3.org\/2000\/svg\" xmlns:xlink=\"http:\/\/www.w3.org\/1999\/xlink\" id=\"whatsapp\" viewBox=\"0 0 1536 1896.0833\"><path d=\"M985 974q13 0 97.5 44t89.5 53q2 5 2 15 0 33-17 76-16 39-71 65.5T984 1254q-57 0-190-62-98-45-170-118T476 889q-72-107-71-194v-8q3-91 74-158 24-22 52-22 6 0 18 1.5t19 1.5q19 0 26.5 6.5T610 544q8 20 33 88t25 75q0 21-34.5 57.5T599 811q0 7 5 15 34 73 102 137 56 53 151 101 12 7 22 7 15 0 54-48.5t52-48.5zm-203 530q127 0 243.5-50t200.5-134 134-200.5 50-243.5-50-243.5T1226 432t-200.5-134T782 248t-243.5 50T338 432 204 632.5 154 876q0 203 120 368l-79 233 242-77q158 104 345 104zm0-1382q153 0 292.5 60T1315 343t161 240.5 60 292.5-60 292.5-161 240.5-240.5 161-292.5 60q-195 0-365-94L0 1670l136-405Q28 1087 28 876q0-153 60-292.5T249 343t240.5-161T782 122z\"><\/path><\/svg><\/span><\/div>\n        <span class=\"list-text d-block\"><span>+90 532 135 6894<\/span><\/span>\n      <\/div>\n      <\/span>\n      <div class=\"list-container-divider d-flex justify-content-lg-center justify-content-md-center justify-content-center\">\n        <!---->\n      <\/div>\n      <\/li>\n      <li class=\"list-item no-gutters\">\n        <!---->\n        <!---->\n        <a href=\"mailto:icmen@icmenticaret.com\" h-use-smooth-scroll=\"true\" class=\"item-link no-gutters\">\n          <div class=\"d-flex h-col no-gutters align-items-lg-center align-items-md-center align-items-center list-item-text-wrapper\">\n            <div class=\"d-flex\"><span class=\"h-svg-icon style-335-icon style-local-429-c21-icon\"><!--Icon by Font Awesome (https:\/\/fontawesome.com)--><svg version=\"1.1\" xmlns=\"http:\/\/www.w3.org\/2000\/svg\" xmlns:xlink=\"http:\/\/www.w3.org\/1999\/xlink\" id=\"envelope-o\" viewBox=\"0 0 1792 1896.0833\"><path d=\"M1664 1504V736q-32 36-69 66-268 206-426 338-51 43-83 67t-86.5 48.5T897 1280h-2q-48 0-102.5-24.5T706 1207t-83-67q-158-132-426-338-37-30-69-66v768q0 13 9.5 22.5t22.5 9.5h1472q13 0 22.5-9.5t9.5-22.5zm0-1051v-24.5l-.5-13-3-12.5-5.5-9-9-7.5-14-2.5H160q-13 0-22.5 9.5T128 416q0 168 147 284 193 152 401 317 6 5 35 29.5t46 37.5 44.5 31.5T852 1143t43 9h2q20 0 43-9t50.5-27.5 44.5-31.5 46-37.5 35-29.5q208-165 401-317 54-43 100.5-115.5T1664 453zm128-37v1088q0 66-47 113t-113 47H160q-66 0-113-47T0 1504V416q0-66 47-113t113-47h1472q66 0 113 47t47 113z\"><\/path><\/svg><\/span><\/div>\n            <span class=\"list-text d-block\"><span>icmen@icmenticaret.com<\/span><\/span>\n          <\/div>\n        <\/a>\n        <div class=\"list-container-divider d-flex justify-content-lg-center justify-content-md-center justify-content-center\" style=\"display: none;\">\n          <!---->\n        <\/div>\n        <div class=\"list-container-divider d-flex justify-content-lg-center justify-content-md-center justify-content-center last-el-spacer\"><\/div>\n      <\/li>\n      <\/ul>\n    <\/div>\n  <\/div>\n<\/div>\n<\/div>\n<\/div>\n<\/div>\n<\/div>\n<\/div>\n<\/div>","protected":false},"excerpt":{"rendered":"<p>&nbsp;&nbsp;&nbsp; &nbsp;&nbsp;&nbsp;&nbsp;&nbsp;&nbsp;&nbsp;&nbsp;&nbsp;\u0130\u00e7men Tekstil kendi sekt\u00f6r\u00fcnde en g\u00fcvenilir ve tercih edilir \u015firketleri aras\u0131nda yer almay\u0131 ilke edinmi\u015f, y\u00f6netim ve kalite politikas\u0131n\u0131 bu do\u011frultuda d\u00fczenlemi\u015ftir. Bu politikan\u0131n s\u00fcreklili\u011fini sa\u011flamak amac\u0131yla a\u015fa\u011f\u0131daki ana ba\u015fl\u0131klar\u0131 belirlemi\u015ftir. &nbsp;&nbsp;&nbsp;&nbsp;M\u00fc\u015fteri memnuniyeti odakl\u0131 y\u00f6netim sistemini benimsemek ve s\u00fcrekli ilerlemeyi sa\u011flamak Kalite y\u00f6netim sisteminin uygulanmas\u0131n\u0131 sa\u011flamak ve iyile\u015ftirme projelerinin zaman\u0131nda ger\u00e7ekle\u015ftirilmesi i\u00e7in gerekli kayna\u011f\u0131n [&hellip;]<\/p>\n","protected":false},"author":1,"featured_media":0,"parent":0,"menu_order":0,"comment_status":"closed","ping_status":"closed","template":"page-templates\/full-width-page.php","meta":{"_monsterinsights_skip_tracking":false,"_monsterinsights_sitenote_active":false,"_monsterinsights_sitenote_note":"","_monsterinsights_sitenote_category":0,"footnotes":""},"aioseo_notices":[],"_links":{"self":[{"href":"http:\/\/www.icmenticaret.com\/index.php\/wp-json\/wp\/v2\/pages\/429"}],"collection":[{"href":"http:\/\/www.icmenticaret.com\/index.php\/wp-json\/wp\/v2\/pages"}],"about":[{"href":"http:\/\/www.icmenticaret.com\/index.php\/wp-json\/wp\/v2\/types\/page"}],"author":[{"embeddable":true,"href":"http:\/\/www.icmenticaret.com\/index.php\/wp-json\/wp\/v2\/users\/1"}],"replies":[{"embeddable":true,"href":"http:\/\/www.icmenticaret.com\/index.php\/wp-json\/wp\/v2\/comments?post=429"}],"version-history":[{"count":20,"href":"http:\/\/www.icmenticaret.com\/index.php\/wp-json\/wp\/v2\/pages\/429\/revisions"}],"predecessor-version":[{"id":1524,"href":"http:\/\/www.icmenticaret.com\/index.php\/wp-json\/wp\/v2\/pages\/429\/revisions\/1524"}],"wp:attachment":[{"href":"http:\/\/www.icmenticaret.com\/index.php\/wp-json\/wp\/v2\/media?parent=429"}],"curies":[{"name":"wp","href":"https:\/\/api.w.org\/{rel}","templated":true}]}}